{"id":88,"date":"2023-10-30T09:36:54","date_gmt":"2023-10-30T08:36:54","guid":{"rendered":"https:\/\/viajesdiseno.com\/?page_id=88"},"modified":"2023-10-30T09:36:54","modified_gmt":"2023-10-30T08:36:54","slug":"informacion-sobre-cookies","status":"publish","type":"page","link":"https:\/\/viajesdiseno.com\/?page_id=88","title":{"rendered":"Informaci\u00f3n sobre cookies"},"content":{"rendered":"<p>Desde Viajes Dise\u00f1o Floridablanca, S.L, nos tomamos muy enserio la privacidad y todo la relacionado con ella, por lo que deseamos darte a conocer m\u00e1s sobre que son las cookies y para que se utilizan.<\/p>\n<p><strong>INFORMACI\u00d3N SOBRE COOKIES <\/strong><\/p>\n<p>Con la entrada en vigor de la referente modificaci\u00f3n de la \u201cLey de Servicios de la Sociedad de la Informaci\u00f3n\u201d (LSSICE) establecida por el Real Decreto 13\/2012, es de obligaci\u00f3n obtener el consentimiento expreso del usuario de todas las p\u00e1ginas web que usan cookies prescindibles, antes de que \u00e9ste navegue por ellas.<\/p>\n<p><strong>COOKIES AFECTADAS POR LA NORMATIVA Y COOKIES EXCEPTUADAS <\/strong><\/p>\n<p>Seg\u00fan la directiva de la UE, las cookies que requieren el consentimiento informado por parte del usuario son las cookies de anal\u00edtica y las de publicidad y afiliaci\u00f3n, quedando exceptuadas las de car\u00e1cter t\u00e9cnico y las necesarias para el funcionamiento del sitio web o la prestaci\u00f3n de servicios expresamente solicitados por el usuario. \u00bfQU\u00c9 TIPOS DE COOKIES EXISTEN? Sobre los tipos de cookies, existen cinco grandes grupos: Cookies anal\u00edticas: recogen informaci\u00f3n del uso que se realiza del sitio web. Cookies sociales: son aquellas necesarias para redes sociales externas. Cookies de afiliados: permiten hacer un seguimiento de las visitas procedentes de otras webs, con las que el sitio web establece un contrato de afiliaci\u00f3n (empresas de afiliaci\u00f3n). Cookies de publicidad y comportamentales: recogen informaci\u00f3n sobre las preferencias y elecciones personales del usuario (retargeting). Cookies t\u00e9cnicas y funcionales: son las estrictamente necesarias para el uso del sitio web y para la prestaci\u00f3n del servicio contratado.<\/p>\n<p><strong>\u00bfQu\u00e9 es una cookie? <\/strong><\/p>\n<p>Una <em>cookie <\/em>es un fichero de texto <strong>inofensivo <\/strong>que se almacena en su navegador cuando visita casi cualquier p\u00e1gina web. La utilidad de la <em>cookie <\/em>es que la web sea capaz de recordar su visita cuando vuelva a navegar por esa p\u00e1gina. Un poco de historia sobre las cookies su origen fue 1994, cuando uno de los trabajadores\u00a0 de Netscape se propuso crear una tienda online con un carrito de compras que almacenara los art\u00edculos favoritos, aunque mucha gente no lo sabe las <em>cookies <\/em>se llevan utilizando desde hace 20 a\u00f1os, cuando aparecieron los primeros navegadores para la World Wide Web.<\/p>\n<p><strong>\u00bfQu\u00e9 NO ES una cookie?<\/strong><\/p>\n<p>No es un virus, ni un troyano, ni un gusano, ni spam, ni spyware, ni abre ventanas pop-up.<\/p>\n<p><strong>\u00bfQu\u00e9 informaci\u00f3n almacena una <em>cookie<\/em>? <\/strong><\/p>\n<p>Las <em>cookies <\/em>no suelen almacenar informaci\u00f3n sensible sobre usted, como tarjetas de cr\u00e9dito o datos bancarios, fotograf\u00edas, su DNI o informaci\u00f3n personal, etc. Los datos que guardan son de car\u00e1cter t\u00e9cnico, preferencias personales, personalizaci\u00f3n de contenidos, etc.<\/p>\n<p>El servidor web no le asocia a usted como persona si no a su navegador web. De hecho, si usted navega habitualmente con Internet Explorer y prueba a navegar por la misma web con Firefox o Chrome ver\u00e1 que la web no se da cuenta que es usted la misma persona porque en realidad est\u00e1 asociando al navegador, no a la persona.<\/p>\n<p><strong>\u00bfQu\u00e9 tipo de <em>cookies <\/em>existen? <\/strong><\/p>\n<p><strong>\u00a0<\/strong><\/p>\n<p><strong>COOKIES DE SESI\u00d3N<\/strong><\/p>\n<p>Son aquellas que se generan una vez el usuario accede al servicio y que expiran o se eliminan cuando el usuario cierra el navegador<\/p>\n<p><strong>COOKIES PERMANENTES<\/strong><\/p>\n<p>Son las que permanecen en el ordenador del usuario aunque este cierre el navegador. Solo se eliminan cuando expira su tiempo de permanencia (que suele ser muy largo), cuando cumplen su funci\u00f3n, o cuando se borran manualmente.<\/p>\n<p>Si las clasificamos atendiendo a su\u00a0 objetivo, las Cookies puedes clasificarse de la siguiente forma:<\/p>\n<p><strong>COOKIES DE RENDIMIENTO:<\/strong><\/p>\n<p>Este tipo de cookies permiten personalizar la experiencia de navegaci\u00f3n, almacenando opciones de configuraci\u00f3n o presentaci\u00f3n de la web, de modo que no sea necesario seleccionar estas opciones en cada visita. Algunos ejemplos de este tipo de cookies ser\u00edan las empleadas para:<\/p>\n<p>Ajustes de volumen, velocidades de transmisi\u00f3n, etc. de reproductores de v\u00eddeo o sonido.<\/p>\n<p>Los productos almacenados en el \u201ccarrito de la compra\u201d en los Servicios de E-commerce tales como tiendas.<\/p>\n<p>Idioma seleccionado en el que queremos ver la web<\/p>\n<p><strong>COOKIES DE GEO-LOCALIZACI\u00d3N:<\/strong><\/p>\n<p>Las cookies de geo-localizaci\u00f3n, permiten ubicar permite ubicar aproximadamente la localizaci\u00f3n del usuario que accede a la web (siempre de forma an\u00f3nima) para tratar de ofrecer una experiencia de navegaci\u00f3n m\u00e1s personalizada, pudiendo ofrecer contenido relacionado con el \u00e1rea desde donde se conecta el usuario (noticias de la zona, auto selecci\u00f3n de idioma seg\u00fan el pa\u00eds, etc.)<\/p>\n<p><strong>COOKIES DE REGISTRO:<\/strong><\/p>\n<p>Las cookies de registro se generan cuando un usuario se da de alta en una web o servicio o cuando, teniendo previamente los datos de acceso, se registra en dicha web o servicio, y permiten acceder a las distintas secciones de la web sin tener que poner sus credenciales en cada p\u00e1gina.<\/p>\n<p>En resumen, estas cookies permiten mantener al usuario identificado para que pueda acceder a determinados servicios como pueden ser:<\/p>\n<p>Mantener al Usuario identificado de forma que, si cierra un Servicio, el navegador o el ordenador y en otro momento u otro d\u00eda vuelve a entrar en dicho Servicio, seguir\u00e1 identificado, facilitando as\u00ed su navegaci\u00f3n sin tener que volver a identificarse continuamente.<\/p>\n<p>Comprobar si el Usuario est\u00e1 autorizado para acceder a ciertos Servicios, por ejemplo, para participar en un foro, comentar o acceder a zonas restringidas de la web. Esta cookie puede eliminarse mediante el bot\u00f3n de \u201ccerrar sesi\u00f3n\u201d de modo que la pr\u00f3xima vez que el usuario acceda desde ese dispositivo deber\u00e1 volver a introducir sus credenciales para poder disfrutar de los privilegios asociados.<\/p>\n<p>Este tipo de funcionalidad se puede utilizar tambi\u00e9n mediante cookies de terceros, como pueden ser redes sociales como por ejemplo Twitter o Facebook, de modo que el usuario puede acreditarse mediante estos servicios en la web a trav\u00e9s de sus cookies.<\/p>\n<p><strong>COOKIES DE ANAL\u00cdTICAS:<\/strong><\/p>\n<p>Este tipo de cookies, normalmente se generan a trav\u00e9s de un proveedor externo (como pueden ser Google Analytics, Comscore, Netscope, etc.) y b\u00e1sicamente su finalidad es identificar al usuario de forma an\u00f3nima para poder analizar pautas de comportamiento de los usuarios mientras navegan por la web.<\/p>\n<p>Cuando el usuario accede por primera vez se genera una cookie que identificar\u00e1 al usuario en pr\u00f3ximas visitas, siempre de forma an\u00f3nima y con el objetivo de obtener datos estad\u00edsticos como pueden ser:<\/p>\n<p>Contabilizar el n\u00famero de \u201cusuarios distintos\u201d que acceden a la web en un per\u00edodo de tiempo determinado.<\/p>\n<p>Identificar de forma an\u00f3nima los contenidos m\u00e1s visitados y por lo tanto m\u00e1s atractivos.<\/p>\n<p>Saber si el Usuario que est\u00e1 accediendo es nuevo o repite visita.<\/p>\n<p>Conocer el n\u00famero de p\u00e1ginas que lee cada usuario de media.<\/p>\n<p>IMPORTANTE: estas cookies nunca ir\u00e1n asociadas a datos de tipo personal que pueda identificar al usuario y se emplear\u00e1n \u00fanicamente con el objetivo de recabar datos estad\u00edsticos que permitan mejorar la experiencia de los usuarios en el sitio.<\/p>\n<p>M\u00e1s informaci\u00f3n sobre la pol\u00edtica de privacidad de estas herramientas en:<\/p>\n<p>Google Analytics: https:\/\/policies.google.com\/privacy?hl=en<\/p>\n<p>Comscore: https:\/\/www.comscore.com\/About\/Privacy-Policy<\/p>\n<p><strong>COOKIES DE PUBLICIDAD:<\/strong><\/p>\n<p>Este tipo de cookies permite almacenar informaci\u00f3n (siempre de forma an\u00f3nima) sobre la interacci\u00f3n del usuario con la publicidad del site, y permiten personalizar el tipo de anuncios servidos para tratar de ofrecer campa\u00f1as de inter\u00e9s para el usuario.<\/p>\n<p>Algunos ejemplos del tipo de datos que se guardan son:<\/p>\n<p>Frecuencia de visualizaci\u00f3n de posiciones publicitarias.<\/p>\n<p>Interacci\u00f3n con las campa\u00f1as.<\/p>\n<p>N\u00famero de veces que se ha visualizado un anuncio.<\/p>\n<p><strong>C<\/strong><strong><em>OOKIES <\/em><\/strong><strong>T\u00c9CNICAS: <\/strong><\/p>\n<p>Son las m\u00e1s elementales y permiten, entre otras cosas, saber cu\u00e1ndo est\u00e1 navegando un humano o una aplicaci\u00f3n automatizada, cu\u00e1ndo navega un usuario an\u00f3nimo y uno registrado, tareas b\u00e1sicas para el funcionamiento de cualquier web din\u00e1mica. <em>okies <\/em>de an\u00e1lisis: Recogen informaci\u00f3n sobre el tipo de navegaci\u00f3n que est\u00e1 realizando, las secciones que m\u00e1s utiliza, productos consultados, franja horaria de uso, idioma, etc.<\/p>\n<ul>\n<li><em>Cookies <\/em>publicitarias: Muestran publicidad en funci\u00f3n de su navegaci\u00f3n, su pa\u00eds de procedencia, idioma, etc.<\/li>\n<\/ul>\n<p><strong>\u00bfQu\u00e9 son las <em>cookies <\/em>propias y las de terceros? <\/strong><\/p>\n<p>Las <em>cookies propias <\/em>son las generadas por la p\u00e1gina que est\u00e1 visitando y las <em>de terceros <\/em>son las generadas por servicios o proveedores externos como Facebook, Twitter, Google, etc.<\/p>\n<p><strong>\u00bfQu\u00e9 ocurre si desactivo las <em>cookies<\/em>? <\/strong><\/p>\n<p>Para que entienda el alcance que puede tener desactivar las <em>cookies <\/em>le mostramos unos ejemplos:<\/p>\n<p>No podr\u00e1 compartir contenidos de esa web en Facebook, Twitter o cualquier otra red social.<\/p>\n<p>El sitio web no podr\u00e1 adaptar los contenidos a sus preferencias personales, como suele ocurrir en las tiendas online.<\/p>\n<p>No podr\u00e1 acceder al \u00e1rea personal de esa web, como por ejemplo <em>Mi cuenta<\/em>, o <em>Mi perfil <\/em>o <em>Mis pedidos<\/em>.<\/p>\n<p>Tiendas online: Le ser\u00e1 imposible realizar compras online, tendr\u00e1n que ser telef\u00f3nicas o visitando la tienda f\u00edsica si es que dispone de ella.<\/p>\n<p>No ser\u00e1 posible personalizar sus preferencias geogr\u00e1ficas como franja horaria, divisa o idioma.<\/p>\n<p>El sitio web no podr\u00e1 realizar anal\u00edticas web sobre visitantes y tr\u00e1fico en la web, lo que dificultar\u00e1 que la web sea competitiva.<\/p>\n<p>No podr\u00e1 escribir en el blog, no podr\u00e1 subir fotos, publicar comentarios, valorar o puntuar contenidos. La web tampoco podr\u00e1 saber si usted es un humano o una aplicaci\u00f3n automatizada que publica <em>spam<\/em>.<\/p>\n<p>No se podr\u00e1 mostrar publicidad sectorizada, lo que reducir\u00e1 los ingresos publicitarios de la web.<\/p>\n<p>Todas las redes sociales usan <em>cookies<\/em>, si las desactiva no podr\u00e1 utilizar ninguna red social.<\/p>\n<p><strong>\u00bfSe pueden eliminar las <em>cookies<\/em>? <\/strong><\/p>\n<p>S\u00ed. No s\u00f3lo eliminar, tambi\u00e9n bloquear, de forma general o particular para un dominio espec\u00edfico.<\/p>\n<p>Para eliminar las <em>cookies <\/em>de un sitio web debe ir a la configuraci\u00f3n de su navegador y all\u00ed podr\u00e1 buscar las asociadas al dominio en cuesti\u00f3n y proceder a su eliminaci\u00f3n.<\/p>\n<p><strong>Configuraci\u00f3n de <em>cookies <\/em>para los navegadores m\u00e1s populares <\/strong><\/p>\n<p>A continuaci\u00f3n le indicamos c\u00f3mo acceder a una <em>cookie <\/em>determinada del navegador <strong>Chrome<\/strong>. Nota: estos pasos pueden variar en funci\u00f3n de la versi\u00f3n del navegador:<\/p>\n<ol>\n<li>Vaya a Configuraci\u00f3n o Preferencias mediante el men\u00fa Archivo o bien pinchando el icono de personalizaci\u00f3n que aparece arriba a la derecha.<\/li>\n<li>Ver\u00e1 diferentes secciones, pinche la opci\u00f3n <em>Mostrar opciones avanzadas<\/em>.<\/li>\n<\/ol>\n<p><strong>Si a\u00fan deseas saber m\u00e1s sobre las cookies puedes visitar las siguientes p\u00e1ginas.<\/strong><\/p>\n<p>Para m\u00e1s informaci\u00f3n sobre el Navegador Opera\u2122 haz click\u00a0<a href=\"https:\/\/help.opera.com\/en\/latest\/web-preferences\/#cookies\">aqu\u00ed.<\/a><\/p>\n<p>Para m\u00e1s informaci\u00f3n sobre el Navegador Google Chrome\u2122 haz click\u00a0<a href=\"https:\/\/support.google.com\/chrome\/answer\/95647\">aqu\u00ed.<\/a><\/p>\n<p>Para m\u00e1s informaci\u00f3n sobre el Navegador Google Chrome\u2122 en Android haz click\u00a0<a href=\"https:\/\/support.google.com\/chrome\/answer\/95647\">aqu\u00ed.<\/a><\/p>\n<p>Para m\u00e1s informaci\u00f3n sobre el Navegador Internet Explorer\u2122 haz click\u00a0<a href=\"https:\/\/support.microsoft.com\/es-es\/help\/17442\/windows-internet-explorer-delete-manage-cookies\">aqu\u00ed.<\/a><\/p>\n<p>Para m\u00e1s informaci\u00f3n sobre el Navegador Mozilla Firefox\u2122 haz click\u00a0<a href=\"https:\/\/support.mozilla.org\/es\/kb\/habilitar-y-deshabilitar-cookies-sitios-web-rastrear-preferencias\">aqu\u00ed.<\/a><\/p>\n<p>Para m\u00e1s informaci\u00f3n sobre el Navegador Safari\u2122 en macOS haz click\u00a0<a href=\"https:\/\/support.apple.com\/es-es\/guide\/safari\/sfri11471\/mac\">aqu\u00ed.<\/a><\/p>\n<p>Para m\u00e1s informaci\u00f3n sobre el Navegador Safari\u2122 en IOS, haz click\u00a0<a href=\"https:\/\/support.apple.com\/es-es\/HT201265\">aqu\u00ed.<\/a><\/p>\n<p>Texto revisado por <a href=\"http:\/\/red22.es\/\">http:\/\/red22.es\/<\/a> empresa consultora de protecci\u00f3n de datos y registro de marcas y logotipos.<\/p>\n<ol start=\"3\">\n<li>Vaya a <em>Privacidad<\/em>, <em>Configuraci\u00f3n de contenido<\/em>.<\/li>\n<li>Seleccione <em>Todas las cookies y los datos de sitios<\/em>.<\/li>\n<li>Aparecer\u00e1 un listado con todas las <em>cookies <\/em>ordenadas por dominio. Para que le sea m\u00e1s f\u00e1cil encontrar las <em>cookies <\/em>de un determinado dominio introduzca parcial o totalmente la direcci\u00f3n en el campo <em>Buscar cookies<\/em>. <em>Cumplimos norma 1. R22 ITON<\/em><\/li>\n<li>Tras realizar este filtro aparecer\u00e1n en pantalla una o varias l\u00edneas con las <em>cookies <\/em>de la web solicitada. Ahora s\u00f3lo tiene que seleccionarla y pulsar la <em>X <\/em>para proceder a su eliminaci\u00f3n.<\/li>\n<\/ol>\n<p>Para acceder a la configuraci\u00f3n de <em>cookies <\/em>del navegador <strong>Internet Explorer <\/strong>siga estos pasos (pueden variar en funci\u00f3n de la versi\u00f3n del navegador):<\/p>\n<ol>\n<li>Vaya a <em>Herramientas<\/em>, <em>Opciones de Internet <\/em><\/li>\n<li>Haga click en <em>Privacidad<\/em>.<\/li>\n<li>Mueva el deslizador hasta ajustar el nivel de privacidad que desee.<\/li>\n<\/ol>\n<p>Para acceder a la configuraci\u00f3n de <em>cookies <\/em>del navegador <strong>Firefox <\/strong>siga estos pasos (pueden variar en funci\u00f3n de la versi\u00f3n del navegador):<\/p>\n<ol>\n<li>Vaya a <em>Opciones <\/em>o <em>Preferencias <\/em>seg\u00fan su sistema operativo.<\/li>\n<li>Haga click en <em>Privacidad<\/em>.<\/li>\n<li>En <em>Historial <\/em>elija <em>Usar una configuraci\u00f3n personalizada para el historial<\/em>.<\/li>\n<li>Ahora ver\u00e1 la opci\u00f3n <em>Aceptar cookies<\/em>, puede activarla o desactivarla seg\u00fan sus preferencias.<\/li>\n<\/ol>\n<p>Para acceder a la configuraci\u00f3n de <em>cookies <\/em>del navegador <strong>Safari para OSX <\/strong>siga estos pasos (pueden variar en funci\u00f3n de la versi\u00f3n del navegador):<\/p>\n<ol>\n<li>Vaya a <em>Preferencias<\/em>, luego <em>Privacidad<\/em>.<\/li>\n<li>En este lugar ver\u00e1 la opci\u00f3n <em>Bloquear cookies <\/em>para que ajuste el tipo de bloqueo que desea realizar.<\/li>\n<\/ol>\n<p>Para acceder a la configuraci\u00f3n de <em>cookies <\/em>del navegador <strong>Safari para iOS <\/strong>siga estos pasos (pueden variar en funci\u00f3n de la versi\u00f3n del navegador):<\/p>\n<ol>\n<li>Vaya a <em>Ajustes<\/em>, luego <em>Safari<\/em>.<\/li>\n<li>Vaya a <em>Privacidad y Seguridad<\/em>, ver\u00e1 la opci\u00f3n <em>Bloquear cookies <\/em>para que ajuste el tipo de bloqueo que desea realizar.<\/li>\n<\/ol>\n<p>Para acceder a la configuraci\u00f3n de <em>cookies <\/em>del navegador para dispositivos <strong>Android <\/strong>siga estos pasos (pueden variar en funci\u00f3n de la versi\u00f3n del navegador):<\/p>\n<ol>\n<li>Ejecute el navegador y pulse la tecla <em>Men\u00fa<\/em>, luego <em>Ajustes<\/em>.<\/li>\n<li>Vaya a <em>Seguridad y Privacidad<\/em>, ver\u00e1 la opci\u00f3n <em>Aceptar cookies <\/em>para que active o desactive la casilla.<\/li>\n<\/ol>\n<p>Para acceder a la configuraci\u00f3n de <em>cookies <\/em>del navegador para dispositivos <strong>Windows Phone <\/strong>siga estos pasos (pueden variar en funci\u00f3n de la versi\u00f3n del navegador):<\/p>\n<ol>\n<li>Abra <em>Internet Explorer<\/em>, luego <em>M\u00e1s<\/em>, luego <em>Configuraci\u00f3n <\/em><\/li>\n<li>Ahora puede activar o desactivar la casilla <em>Permitir cookies <\/em><\/li>\n<\/ol>\n","protected":false},"excerpt":{"rendered":"<p>Desde Viajes Dise\u00f1o Floridablanca, S.L, nos tomamos muy enserio la privacidad y todo la relacionado con ella, por lo que deseamos darte a conocer m\u00e1s sobre que son las cookies y para que se utilizan. INFORMACI\u00d3N SOBRE COOKIES Con la entrada en vigor de la referente modificaci\u00f3n de la \u201cLey de Servicios de la Sociedad &hellip; <\/p>\n<p class=\"link-more\"><a href=\"https:\/\/viajesdiseno.com\/?page_id=88\" class=\"more-link\">Leer m\u00e1s<span class=\"screen-reader-text\"> \u00abInformaci\u00f3n sobre cookies\u00bb<\/span><\/a><\/p>\n","protected":false},"author":1,"featured_media":0,"parent":0,"menu_order":0,"comment_status":"closed","ping_status":"closed","template":"","meta":{"footnotes":""},"class_list":["post-88","page","type-page","status-publish","hentry"],"_links":{"self":[{"href":"https:\/\/viajesdiseno.com\/index.php?rest_route=\/wp\/v2\/pages\/88","targetHints":{"allow":["GET"]}}],"collection":[{"href":"https:\/\/viajesdiseno.com\/index.php?rest_route=\/wp\/v2\/pages"}],"about":[{"href":"https:\/\/viajesdiseno.com\/index.php?rest_route=\/wp\/v2\/types\/page"}],"author":[{"embeddable":true,"href":"https:\/\/viajesdiseno.com\/index.php?rest_route=\/wp\/v2\/users\/1"}],"replies":[{"embeddable":true,"href":"https:\/\/viajesdiseno.com\/index.php?rest_route=%2Fwp%2Fv2%2Fcomments&post=88"}],"version-history":[{"count":1,"href":"https:\/\/viajesdiseno.com\/index.php?rest_route=\/wp\/v2\/pages\/88\/revisions"}],"predecessor-version":[{"id":89,"href":"https:\/\/viajesdiseno.com\/index.php?rest_route=\/wp\/v2\/pages\/88\/revisions\/89"}],"wp:attachment":[{"href":"https:\/\/viajesdiseno.com\/index.php?rest_route=%2Fwp%2Fv2%2Fmedia&parent=88"}],"curies":[{"name":"wp","href":"https:\/\/api.w.org\/{rel}","templated":true}]}}