{"id":83,"date":"2023-10-30T09:29:39","date_gmt":"2023-10-30T08:29:39","guid":{"rendered":"https:\/\/viajesdiseno.com\/?page_id=83"},"modified":"2023-10-30T09:37:24","modified_gmt":"2023-10-30T08:37:24","slug":"aviso-legal","status":"publish","type":"page","link":"https:\/\/viajesdiseno.com\/?page_id=83","title":{"rendered":"Aviso Legal"},"content":{"rendered":"<p><strong>AVISO LEGAL:<\/strong><\/p>\n<p><strong>\u00a0<\/strong><\/p>\n<p>El presente aviso legal (en adelante, el \u00abAviso Legal\u00bb) regula el uso del sitio web:<\/p>\n<p>www. viajesdiseno.com<\/p>\n<p>En cumplimiento del art\u00edculo 10 de la Ley 34\/2002, de \u00a011 de julio, de Servicios de la Sociedad de la Informaci\u00f3n y Comercio Electr\u00f3nico (LSSICE)\u00a0 le informamos:<\/p>\n<p>Viajes Dise\u00f1o Floridablanca, S.L. En adelante (Viajes Dise\u00f1o) es una empresa dedicada a la organizaci\u00f3n de viajes (Agencia de Viajes)<\/p>\n<p>A continuaci\u00f3n se detallan los datos identificativos de la empresa:<\/p>\n<p>Nombre empresa: Viajes Dise\u00f1o<\/p>\n<p>Raz\u00f3n social: Viajes Dise\u00f1o Floridablanca, S.L<\/p>\n<p>NIF: B73414922<\/p>\n<p>Direcci\u00f3n: C\/ Floridablanca, 56\u00a0 30.002 Murcia<\/p>\n<p><strong>\u00a0<\/strong><\/p>\n<p><strong>FINALIDAD DE LA P\u00c1GINA WEB.<\/strong><\/p>\n<p>Gestionar los servicios ofrecidos, atender a las solicitudes que nos plantee y dar a conocer nuestra empresa y resolver dudas sobre la misma.<\/p>\n<p><strong>POLITICA DE PRIVACIDAD<\/strong><\/p>\n<p><u>FINALIDAD SUS DATOS COMO USUARIO<\/u><\/p>\n<p>\u00abNuevo usuario\u00bb<br \/>\nLa principal finalidad de dicho tratamiento es la gesti\u00f3n de los usuarios registrados en nuestra web, as\u00ed como el env\u00edo de publicidad relativa a los productos y servicios comercializados por Viajes Dise\u00f1o, asegura la confidencialidad de los datos aportados y garantiza que, en ning\u00fan caso, ser\u00e1n cedidos para ning\u00fan otro uso sin mediar consentimiento previo y expreso de nuestros usuarios. S\u00f3lo le pediremos aquellos datos necesarios para la prestaci\u00f3n del servicio requerido y \u00fanicamente ser\u00e1n empleados para este fin.<\/p>\n<p><u>\u00a0TIEMPO QUE CONSEVAREMOS SUS DATOS<\/u><\/p>\n<p>En caso de que nos haya proporcionado datos los conservaremos mientras se mantenga la relaci\u00f3n comercial o durante el tiempo necesario para cumplir con las obligaciones legales. Los datos no se ceder\u00e1n a terceros salvo en los casos en que exista una obligaci\u00f3n legal y los trataremos en base a su consentimiento.<\/p>\n<p>El tiempo de conservaci\u00f3n de las cookies depender\u00e1 del tipo de que se trate y siempre ser\u00e1 el m\u00ednimo indispensable para cumplir su finalidad.<\/p>\n<p><u>DERECHOS DE LOS INTERESADOS<\/u><\/p>\n<p>El interesado tiene los siguientes derechos:<\/p>\n<p>Podr\u00e1 solicitar informaci\u00f3n sobre los datos de car\u00e1cter personal almacenados que le conciernan (acceso)<\/p>\n<p>Podr\u00e1 solicitar que se corrija la inexactitud de sus datos personales. (Rectificaci\u00f3n)<\/p>\n<p>Podr\u00e1 solicitar la eliminaci\u00f3n o limitaci\u00f3n del tratamiento de sus datos personales y (supresi\u00f3n y limitaci\u00f3n)<\/p>\n<p>Tambi\u00e9n podr\u00e1 solicitar que se le pongan a disposici\u00f3n sus datos personales en un formato estructurado, corriente y de lectura mec\u00e1nica. (Portabilidad)<\/p>\n<p>Para ello deber\u00e1 dirigirse por escrito adjuntando una copia del DNI o documento que le identifique, a:<\/p>\n<p>Viajes Dise\u00f1o Floridablanca, S.L, B73414922, &#8211; C\/ Floridablanca, 56\u00a0 30.002 Murcia<\/p>\n<p>El interesado tambi\u00e9n tiene derecho a presentar una reclamaci\u00f3n ante las autoridades de protecci\u00f3n de datos (Agencia Espa\u00f1ola de Protecci\u00f3n de Datos). No obstante, cualquier cuesti\u00f3n relacionada con los datos le invitamos a contactar con nosotros para solucionarla.<\/p>\n<p><strong>LEGISLACI\u00d3N.<\/strong><\/p>\n<p>Con car\u00e1cter general las relaciones entre Viajes Dise\u00f1o con los Usuarios de sus servicios telem\u00e1ticos, presentes en este sitio web, se encuentran sometidas a la legislaci\u00f3n y jurisdicci\u00f3n espa\u00f1olas.<\/p>\n<p><strong>USO Y ACCESO DE USUARIOS.<\/strong><\/p>\n<p>El Usuario queda informado, y acepta, que el acceso a la presente web no supone, en modo alguno, el inicio de una relaci\u00f3n comercial con Viajes Dise\u00f1o o cualquiera de sus delegaciones.<\/p>\n<p><strong>PROPIEDAD INTELECTUAL E INDUSTRIAL.<\/strong><\/p>\n<p>Los derechos de propiedad intelectual del contenido de las p\u00e1ginas web, su dise\u00f1o gr\u00e1fico y c\u00f3digos son titularidad de Viajes Dise\u00f1o y, por tanto, queda prohibida su reproducci\u00f3n, distribuci\u00f3n, comunicaci\u00f3n p\u00fablica, transformaci\u00f3n o cualquier otra actividad que se pueda realizar con los contenidos de sus p\u00e1ginas web ni aun citando las fuentes, salvo consentimiento por escrito de Viajes Dise\u00f1o<\/p>\n<p>En Viajes Dise\u00f1o Cumplimos norma 1. R22 ITON<\/p>\n<p><strong>CONTENIDO DE LA WEB Y ENLACES (LINKS).<\/strong><\/p>\n<p>Viajes Dise\u00f1o se reserva el derecho a actualizar, modificar o eliminar la informaci\u00f3n contenida en sus p\u00e1ginas web pudiendo incluso limitar o no permitir el acceso a dicha informaci\u00f3n a ciertos usuarios.<\/p>\n<p>Viajes Dise\u00f1o no asume responsabilidad alguna por la informaci\u00f3n contenida en p\u00e1ginas web de terceros a las que se pueda acceder por \u00ablinks\u00bb o enlaces desde cualquier p\u00e1gina web propiedad de Viajes Dise\u00f1o. La presencia de \u00ablinks\u00bb o enlaces en las p\u00e1ginas web de Viajes Dise\u00f1o tiene finalidad meramente informativa y en ning\u00fan caso supone sugerencia, invitaci\u00f3n o recomendaci\u00f3n sobre los mismos.<\/p>\n<p>Este aviso legal ha sido revisado por\u00a0<a href=\"http:\/\/red22.es\/\">http:\/\/red22.es\/<\/a>\u00a0empresa consultora de protecci\u00f3n de datos, as\u00ed como el posible registro de la marca o logotipo.<\/p>\n<p><strong>POL\u00cdTICA DE COOKIES.<\/strong><\/p>\n<p>Viajes Dise\u00f1o, a trav\u00e9s del presente documento, recoge su Pol\u00edtica de recogida y tratamiento de cookies, en cumplimiento de lo dispuesto en el art\u00edculo 22.2 de la Ley 34\/2002, de 11 de julio, de Servicios de la Sociedad de la Informaci\u00f3n y de Comercio Electr\u00f3nico (LSSICE).<\/p>\n<p>Las cookies se almacenan en el equipo terminal del usuario (ordenador o dispositivo m\u00f3vil) y recopilan informaci\u00f3n al visitar la p\u00e1gina web www. viajesdiseno.com \u00a0con la finalidad de mejorar la usabilidad de las mismas, conocer los h\u00e1bitos o necesidades de navegaci\u00f3n de los usuarios para poder adaptarse a los mismos, as\u00ed como obtener informaci\u00f3n con fines estad\u00edsticos. En el caso de aquellos usuarios que ya sean clientes de Viajes Dise\u00f1o, la informaci\u00f3n recabada con las cookies servir\u00e1 tambi\u00e9n para su identificaci\u00f3n al acceder a las distintas herramientas que Viajes Dise\u00f1o pone a su disposici\u00f3n para la gesti\u00f3n de los servicios. Viajes Dise\u00f1o<\/p>\n<p>La presente Pol\u00edtica de Cookies ser\u00e1 de aplicaci\u00f3n a aquellos usuarios que voluntariamente visitan las p\u00e1ginas web de Viajes Dise\u00f1o, cumplimentan formularios de recogida de datos, acceden a las herramientas que Viajes Dise\u00f1o pone a disposici\u00f3n de sus clientes para gestionar sus servicios, o utilizan cualquier otro servicio presente en el sitio web que implique la comunicaci\u00f3n de datos a Viajes Dise\u00f1o, o el acceso a datos por VIAJES DISE\u00d1O, Viajes Dise\u00f1o Floridablanca, S.L, para la prestaci\u00f3n de sus servicios.<\/p>\n<p>Viajes Dise\u00f1o informa a los usuarios de sus p\u00e1ginas web, de la existencia de cookies y pone a su disposici\u00f3n la presente Pol\u00edtica con la finalidad de informarles acerca del uso y del objeto de las mismas. El hecho de continuar la navegaci\u00f3n a trav\u00e9s de sus p\u00e1ginas, supone el conocimiento y la aceptaci\u00f3n de la presente Pol\u00edtica por parte de dichos usuarios.<\/p>\n<p>Viajes Dise\u00f1o utiliza los siguientes tipos de cookies:<\/p>\n<p>Clasificadas por su titularidad:<\/p>\n<p>* \u00a0 Cookies propias: enviadas y gestionadas directamente por Viajes Dise\u00f1o.\u00a0 * \u00a0Cookies de terceros: enviadas y gestionadas por un tercero ajeno a Viajes Dise\u00f1o, de forma an\u00f3nima, con la finalidad de realizar estudios estad\u00edsticos de navegaci\u00f3n por las p\u00e1ginas web de Viajes Dise\u00f1o.<\/p>\n<p><strong>\u00a0Clasificadas por su finalidad:<\/strong><\/p>\n<p>* Cookies t\u00e9cnicas y\/o de personalizaci\u00f3n: facilitan la navegaci\u00f3n, al identificar la sesi\u00f3n, permitir el acceso a herramientas de acceso restringido, adem\u00e1s de configurar a medida las opciones disponibles. Posibilitan la prestaci\u00f3n del servicio solicitado previamente por el usuario.<\/p>\n<p>* \u00a0Cookies de an\u00e1lisis y\/o publicidad: permiten conocer el n\u00famero de visitas recibidas en las diferentes secciones de las p\u00e1ginas web, los h\u00e1bitos y tendencias de sus usuarios y en consecuencia, poder mejorar la navegaci\u00f3n y el servicio ofrecido por Viajes Dise\u00f1o fundamentalmente, Google Analytics), as\u00ed como gestionar los espacios publicitarios incluidos en la p\u00e1gina web visitada por el usuario. Recopila datos de forma an\u00f3nima con la finalidad de obtener perfiles de navegaci\u00f3n de los usuarios.<\/p>\n<p><strong>Clasificadas por su duraci\u00f3n:<\/strong><\/p>\n<p>* \u00a0 Cookies de sesi\u00f3n: recaban y almacenan los datos mientras el usuario accede a la p\u00e1gina web.<\/p>\n<p>* \u00a0Cookies persistentes: recaban y almacenan los datos en el terminal del usuario durante un periodo de tiempo variable en funci\u00f3n de cu\u00e1l sea la finalidad para la que han sido utilizadas.<\/p>\n<p>El tiempo de conservaci\u00f3n de las cookies depender\u00e1 del tipo de que se trate y siempre ser\u00e1 el m\u00ednimo indispensable para cumplir su finalidad.<\/p>\n<p>En cualquier caso, los usuarios pueden configurar su navegador, de manera que se deshabilite o bloquee la recepci\u00f3n de todas o algunas de las cookies. El hecho de no desear recibir estas cookies, no constituye un impedimento para poder acceder a la informaci\u00f3n de los sitios web de Viajes Dise\u00f1o aunque el uso de algunos servicios podr\u00e1 ser limitado. Si una vez otorgado el consentimiento para la recepci\u00f3n de cookies, se desease retirar \u00e9ste, se deber\u00e1n eliminar aquellas almacenadas en el equipo del usuario, a trav\u00e9s de las opciones de los diferentes navegadores.<\/p>\n<p>La forma de configurar los diferentes navegadores para ejercitar las acciones se\u00f1aladas en los p\u00e1rrafos anteriores, se puede consultar en:<\/p>\n<p>* \u00a0 \u00a0Explorer: http:\/\/windows.microsoft.com\/es-es\/windows7\/how-to-manage-cookies-in-internet-explorer-9<\/p>\n<p>* \u00a0 \u00a0Chrome: https:\/\/support.google.com\/chrome\/answer\/95647?hl=es<\/p>\n<p>* \u00a0 \u00a0Firefox: http:\/\/support.mozilla.org\/es\/kb\/cookies-informacion-que-los-sitios-web-guardan-en-?redirectlocale=en-US&amp;redirectslug=Cookies<\/p>\n<p>_______________________________<\/p>\n","protected":false},"excerpt":{"rendered":"<p>AVISO LEGAL: \u00a0 El presente aviso legal (en adelante, el \u00abAviso Legal\u00bb) regula el uso del sitio web: www. viajesdiseno.com En cumplimiento del art\u00edculo 10 de la Ley 34\/2002, de \u00a011 de julio, de Servicios de la Sociedad de la Informaci\u00f3n y Comercio Electr\u00f3nico (LSSICE)\u00a0 le informamos: Viajes Dise\u00f1o Floridablanca, S.L. En adelante (Viajes Dise\u00f1o) &hellip; <\/p>\n<p class=\"link-more\"><a href=\"https:\/\/viajesdiseno.com\/?page_id=83\" class=\"more-link\">Leer m\u00e1s<span class=\"screen-reader-text\"> \u00abAviso Legal\u00bb<\/span><\/a><\/p>\n","protected":false},"author":1,"featured_media":0,"parent":0,"menu_order":0,"comment_status":"closed","ping_status":"closed","template":"","meta":{"footnotes":""},"class_list":["post-83","page","type-page","status-publish","hentry"],"_links":{"self":[{"href":"https:\/\/viajesdiseno.com\/index.php?rest_route=\/wp\/v2\/pages\/83","targetHints":{"allow":["GET"]}}],"collection":[{"href":"https:\/\/viajesdiseno.com\/index.php?rest_route=\/wp\/v2\/pages"}],"about":[{"href":"https:\/\/viajesdiseno.com\/index.php?rest_route=\/wp\/v2\/types\/page"}],"author":[{"embeddable":true,"href":"https:\/\/viajesdiseno.com\/index.php?rest_route=\/wp\/v2\/users\/1"}],"replies":[{"embeddable":true,"href":"https:\/\/viajesdiseno.com\/index.php?rest_route=%2Fwp%2Fv2%2Fcomments&post=83"}],"version-history":[{"count":3,"href":"https:\/\/viajesdiseno.com\/index.php?rest_route=\/wp\/v2\/pages\/83\/revisions"}],"predecessor-version":[{"id":90,"href":"https:\/\/viajesdiseno.com\/index.php?rest_route=\/wp\/v2\/pages\/83\/revisions\/90"}],"wp:attachment":[{"href":"https:\/\/viajesdiseno.com\/index.php?rest_route=%2Fwp%2Fv2%2Fmedia&parent=83"}],"curies":[{"name":"wp","href":"https:\/\/api.w.org\/{rel}","templated":true}]}}