{"id":8,"date":"2021-11-26T08:53:54","date_gmt":"2021-11-26T08:53:54","guid":{"rendered":"https:\/\/viajesdiseno.com\/?page_id=8"},"modified":"2023-01-24T00:06:43","modified_gmt":"2023-01-23T23:06:43","slug":"acerca-de","status":"publish","type":"page","link":"https:\/\/viajesdiseno.com\/?page_id=8","title":{"rendered":"Acerca de"},"content":{"rendered":"\n<p>Viajes Dise\u00f1o Floridablancaes una empresa del sector tur\u00edstico implantada en la regi\u00f3n de Murcia. Actualmente desarrolla su actividad como agencia minorista, formando para tal fin una estructura comercial que desarrolla, gestiona y ofrece un producto turistico altamente competitivo. Viajes Dise\u00f1o, cuenta con una cobertura internacional a trav\u00e9s de una amplia red de corresponsales que aportan a nuestra organizaci\u00f3n un alto grado de seriedad, profesionalidad y que al mismo tiempo nos hace obtener acuerdos preferenciales. Viajes Dise\u00f1o pertenece actualmente al grupo Nego-servicios. Obteniendo de esta manera, importantes ventajas en la contrataci\u00f3n de productos y tarifas con nuestros proveedores (compa\u00f1ias a\u00e9reas, mayoristas, hoteles, compa\u00f1ias de alquiler de coches, etc&#8230;) <\/p>\n\n\n\n<div class=\"wp-block-columns is-layout-flex wp-container-core-columns-is-layout-9d6595d7 wp-block-columns-is-layout-flex\">\n<div class=\"wp-block-column is-layout-flow wp-block-column-is-layout-flow\"><div class=\"wp-block-image\">\n<figure class=\"alignright size-full\"><img fetchpriority=\"high\" decoding=\"async\" width=\"280\" height=\"240\" src=\"https:\/\/viajesdiseno.com\/wp-content\/uploads\/2021\/11\/layout_set_logo-1.png\" alt=\"\" class=\"wp-image-56\"\/><\/figure>\n<\/div><\/div>\n\n\n\n<div class=\"wp-block-column is-layout-flow wp-block-column-is-layout-flow\"><div class=\"wp-block-image\">\n<figure class=\"alignleft size-full is-resized\"><img decoding=\"async\" src=\"https:\/\/viajesdiseno.com\/wp-content\/uploads\/2023\/01\/imagen.png\" alt=\"\" class=\"wp-image-75\" width=\"309\" height=\"263\"\/><\/figure>\n<\/div><\/div>\n<\/div>\n\n\n\n<p><strong>PROYECTO COFINANCIADO POR LA UNION EUROPEA<\/strong><\/p>\n\n\n\n<p><strong>BENEFICIARIO:&nbsp; VIAJES DISE\u00d1O FLORIDABLANCA, S.L.<\/strong><\/p>\n\n\n\n<p><strong>CIF: B73414922<\/strong><\/p>\n\n\n\n<p><strong>PROYECTO: <\/strong>PROGRAMA A EMPRESAS PARA CUBRIR NECESIDADES DE CIRCULANTE A TRAV\u00c9S DEL SISTEMA DE GARANT\u00cdAS DERIVADAS DE LA PANDEMIA COVID-19<\/p>\n\n\n\n<p><strong>N\u00ba DE EXPEDIENTE:&nbsp; 2021.07.SGRC.000049<\/strong><\/p>\n\n\n\n<hr class=\"wp-block-separator has-css-opacity\"\/>\n\n\n\n<p><strong>BENEFICIARIO:&nbsp; VIAJES DISE\u00d1O FLORIDABLANCA, S.L.<\/strong><\/p>\n\n\n\n<p><strong>CIF: B73414922<\/strong><\/p>\n\n\n\n<p><strong>PROYECTO: PROGRAMA DE APOYO A LA SOLVENCIA EMPRESARIALCOVID. LINEA DE AYUDAS DIRECTAS PARA AUTONOMOS Y EMPRESAS DE LA REGION DE MURCIA<\/strong><\/p>\n\n\n\n<p><strong>N\u00ba DE EXPEDIENTE:&nbsp; 2021.03.LASE.000969<\/strong><\/p>\n\n\n\n<hr class=\"wp-block-separator has-css-opacity\"\/>\n\n\n\n<p><strong>BENEFICIARIO:&nbsp; VIAJES DISE\u00d1O FLORIDABLANCA, S.L.<\/strong><\/p>\n\n\n\n<p><strong>CIF: B73414922<\/strong><\/p>\n\n\n\n<p><strong>PROYECTO: PROGRAMA DE APOYO A INVERSIONES PRODUCTIVAS Y TECNOLOGICAS COVID-19<\/strong><\/p>\n\n\n\n<p><strong>N\u00ba DE EXPEDIENTE:&nbsp; 2021.07.ITCO.000356<\/strong><\/p>\n\n\n\n<hr class=\"wp-block-separator has-css-opacity\"\/>\n\n\n\n<p><strong>BENEFICIARIO:&nbsp; VIAJES DISE\u00d1O FLORIDABLANCA, S.L.<\/strong><\/p>\n\n\n\n<p><strong>CIF: B73414922<\/strong><\/p>\n\n\n\n<p><strong>PROYECTO: PROGRAMA DE APOYO A LAS EMPRESAS DE LA REGION DE MURCIA QUE HAN SUFRIDO LOS EFFECTOS DE LA PANDEMIA COVID-19 LINEA COVID-19 COSTE CERO<\/strong><\/p>\n\n\n\n<p><strong>N\u00ba DE EXPEDIENTE:&nbsp; 2020.07.COSI.0238<\/strong><\/p>\n\n\n\n<hr class=\"wp-block-separator has-css-opacity\"\/>\n\n\n\n<p><strong>BENEFICIARIO:&nbsp; VIAJES DISE\u00d1O FLORIDABLANCA, S.L.<\/strong><\/p>\n\n\n\n<p><strong>CIF: B73414922<\/strong><\/p>\n\n\n\n<p><strong>PROYECTO: PROGRAMA DE APOYO A LA SOLVENCIA EMPRESARIAL COVID. LINEA DE AYUDAS DIRECTAS PARA AUTONOMOS Y EMPRESAS DE LA REGION DE MURCIA<\/strong><\/p>\n\n\n\n<p><strong>N\u00ba DE EXPEDIENTE:&nbsp; 2021.03 LESE .001425<\/strong><\/p>\n","protected":false},"excerpt":{"rendered":"<p>Viajes Dise\u00f1o Floridablancaes una empresa del sector tur\u00edstico implantada en la regi\u00f3n de Murcia. Actualmente desarrolla su actividad como agencia minorista, formando para tal fin una estructura comercial que desarrolla, gestiona y ofrece un producto turistico altamente competitivo. Viajes Dise\u00f1o, cuenta con una cobertura internacional a trav\u00e9s de una amplia red de corresponsales que aportan &hellip; <\/p>\n<p class=\"link-more\"><a href=\"https:\/\/viajesdiseno.com\/?page_id=8\" class=\"more-link\">Leer m\u00e1s<span class=\"screen-reader-text\"> \u00abAcerca de\u00bb<\/span><\/a><\/p>\n","protected":false},"author":1,"featured_media":0,"parent":0,"menu_order":0,"comment_status":"closed","ping_status":"closed","template":"","meta":{"footnotes":""},"class_list":["post-8","page","type-page","status-publish","hentry"],"_links":{"self":[{"href":"https:\/\/viajesdiseno.com\/index.php?rest_route=\/wp\/v2\/pages\/8","targetHints":{"allow":["GET"]}}],"collection":[{"href":"https:\/\/viajesdiseno.com\/index.php?rest_route=\/wp\/v2\/pages"}],"about":[{"href":"https:\/\/viajesdiseno.com\/index.php?rest_route=\/wp\/v2\/types\/page"}],"author":[{"embeddable":true,"href":"https:\/\/viajesdiseno.com\/index.php?rest_route=\/wp\/v2\/users\/1"}],"replies":[{"embeddable":true,"href":"https:\/\/viajesdiseno.com\/index.php?rest_route=%2Fwp%2Fv2%2Fcomments&post=8"}],"version-history":[{"count":10,"href":"https:\/\/viajesdiseno.com\/index.php?rest_route=\/wp\/v2\/pages\/8\/revisions"}],"predecessor-version":[{"id":80,"href":"https:\/\/viajesdiseno.com\/index.php?rest_route=\/wp\/v2\/pages\/8\/revisions\/80"}],"wp:attachment":[{"href":"https:\/\/viajesdiseno.com\/index.php?rest_route=%2Fwp%2Fv2%2Fmedia&parent=8"}],"curies":[{"name":"wp","href":"https:\/\/api.w.org\/{rel}","templated":true}]}}