{"id":7,"date":"2021-11-26T08:53:54","date_gmt":"2021-11-26T08:53:54","guid":{"rendered":"https:\/\/viajesdiseno.com\/?page_id=7"},"modified":"2021-11-26T12:02:46","modified_gmt":"2021-11-26T11:02:46","slug":"hermosos-portafolios-para-creativos-excepcionales","status":"publish","type":"page","link":"https:\/\/viajesdiseno.com\/","title":{"rendered":"Actividad o producto principal de la agencia"},"content":{"rendered":"\n<p><strong>Viajes Dise\u00f1o Floridablanca<\/strong> desarrolla su actividad como agencia Minorista. Habi\u00e9ndose especializado de esta manera en el servicio a empresas, producto vacacional, congresos, convenciones, incentivos, billetaje a\u00e9reo , de ferrocarril y reservas hoteleras.<\/p>\n\n\n\n<p>Adem\u00e1s de esto <strong>Viajes Dise\u00f1o Floridablanca<\/strong>, cuenta con un departamento especializado en Viajes para GRUPOS o COLECTIVOS.<\/p>\n\n\n\n<p>Estamos cada vez m\u00e1s seguros, que en nuestro sector el cliente demanda CALIDAD en el servicio y en el producto solicitado. De esta manera nosotros estamos comprometidos, para que as\u00ed sea.<\/p>\n\n\n\n<p>En una apuesta por la CALIDAD tur\u00edstica y la rentabilidad para nuestros clientes, que reciben el servicio que merecen y esperan, lo que proporciona que vuelvan al establecimiento.<\/p>\n\n\n\n<p>Esta empresa ha recibido una subvenci\u00f3n de la Comunidad Aut\u00f3noma de la Regi\u00f3n de Murcia mediante la financiaci\u00f3n del Gobierno de Espa\u00f1a, para el apoyo a la solvencia empresarial en respuesta a la pandemia de la COVID-19.<\/p>\n\n\n\n<div class=\"wp-block-image\"><figure class=\"alignleft size-full is-resized\"><img decoding=\"async\" src=\"https:\/\/viajesdiseno.com\/wp-content\/uploads\/2021\/11\/layout_set_logo-1.png\" alt=\"\" class=\"wp-image-56\" width=\"150\" height=\"129\"\/><figcaption><strong><a href=\"https:\/\/viajesdiseno.com\/?page_id=59\">Documentos<\/a><\/strong><\/figcaption><\/figure><\/div>\n\n\n\n<p class=\"has-text-align-center\"><meta charset=\"utf-8\"><\/p>\n\n\n\n<div style=\"height:55px\" aria-hidden=\"true\" class=\"wp-block-spacer\"><\/div>\n\n\n\n<div class=\"wp-block-group alignfull has-background\" style=\"background-color:#e5e9ec\"><div class=\"wp-block-group__inner-container is-layout-flow wp-block-group-is-layout-flow\">\n<div class=\"wp-block-columns is-layout-flex wp-container-core-columns-is-layout-9d6595d7 wp-block-columns-is-layout-flex\">\n<div class=\"wp-block-column is-vertically-aligned-center is-layout-flow wp-block-column-is-layout-flow\">\n<h2 class=\"wp-block-heading\">Sobre nosotros<\/h2>\n\n\n\n<p><strong>Viajes Dise\u00f1o<\/strong>, cuenta con una cobertura internacional a trav\u00e9s de una amplia red de corresponsales que aportan a nuestra organizaci\u00f3n un alto grado de seriedad, profesionalidad y que al mismo tiempo nos hace obtener acuerdos preferenciales.<\/p>\n\n\n\n<div class=\"wp-block-buttons is-content-justification-left is-layout-flex wp-block-buttons-is-layout-flex\">\n<div class=\"wp-block-button is-style-outline is-style-outline--1\"><a class=\"wp-block-button__link no-border-radius\" href=\"#\" rel=\"https:\/\/viajesdiseno.com\/?page_id=8\">Sobre nosotros<\/a><\/div>\n<\/div>\n\n\n\n<p><\/p>\n<\/div>\n\n\n\n<div class=\"wp-block-column is-layout-flow wp-block-column-is-layout-flow\">\n<div style=\"height:48px\" aria-hidden=\"true\" class=\"wp-block-spacer\"><\/div>\n\n\n\n<figure class=\"wp-block-image size-large\"><img decoding=\"async\" src=\"https:\/\/viajesdiseno.com\/wp-content\/themes\/inspiro\/assets\/images\/StockSnap_JKMGVEJMPU.jpg\" alt=\"\" class=\"wp-image-26\"\/><\/figure>\n<\/div>\n<\/div>\n<\/div><\/div>\n\n\n\n<div class=\"wp-block-group alignfull\"><div class=\"wp-block-group__inner-container is-layout-flow wp-block-group-is-layout-flow\">\n<div class=\"wp-block-columns are-vertically-aligned-center is-layout-flex wp-container-core-columns-is-layout-9d6595d7 wp-block-columns-is-layout-flex\">\n<div class=\"wp-block-column is-vertically-aligned-center is-layout-flow wp-block-column-is-layout-flow\">\n<div style=\"height:48px\" aria-hidden=\"true\" class=\"wp-block-spacer\"><\/div>\n\n\n\n<figure class=\"wp-block-image size-large\"><img decoding=\"async\" src=\"https:\/\/viajesdiseno.com\/wp-content\/themes\/inspiro\/assets\/images\/StockSnap_M6D1GS9PSL.jpg\" alt=\"\" class=\"wp-image-27\"\/><\/figure>\n<\/div>\n\n\n\n<div class=\"wp-block-column is-vertically-aligned-center is-layout-flow wp-block-column-is-layout-flow\">\n<h2 class=\"wp-block-heading\">Nuestros servicios<\/h2>\n\n\n\n<p>Estamos cada vez m\u00e1s seguros, que en nuestro sector el cliente demanda CALIDAD en el servicio y en el producto solicitado. De esta manera nosotros estamos comprometidos, para que as\u00ed sea. <\/p>\n\n\n\n<div class=\"wp-block-buttons is-layout-flex wp-block-buttons-is-layout-flex\">\n<div class=\"wp-block-button is-style-outline is-style-outline--2\"><a class=\"wp-block-button__link no-border-radius\" href=\"#\">Servicios<\/a><\/div>\n<\/div>\n<\/div>\n<\/div>\n<\/div><\/div>\n\n\n\n<div class=\"wp-block-group alignfull has-black-background-color has-background\"><div class=\"wp-block-group__inner-container is-layout-flow wp-block-group-is-layout-flow\">\n<h2 class=\"has-text-align-center has-white-color has-text-color wp-block-heading\"><strong>Galer\u00eda<\/strong><\/h2>\n\n\n\n<figure class=\"wp-block-gallery aligncenter columns-3 is-cropped wp-block-gallery-3 is-layout-flex wp-block-gallery-is-layout-flex\"><ul class=\"blocks-gallery-grid\"><li class=\"blocks-gallery-item\"><figure><img decoding=\"async\" src=\"https:\/\/viajesdiseno.com\/wp-content\/themes\/inspiro\/assets\/images\/StockSnap_P9QYJ8AAL8.jpg\" alt=\"\" data-id=\"28\" data-full-url=\"https:\/\/viajesdiseno.com\/wp-content\/themes\/inspiro\/assets\/images\/StockSnap_P9QYJ8AAL8.jpg\" data-link=\"#\" class=\"wp-image-28\"\/><\/figure><\/li><li class=\"blocks-gallery-item\"><figure><img decoding=\"async\" src=\"https:\/\/viajesdiseno.com\/wp-content\/themes\/inspiro\/assets\/images\/StockSnap_M6D1GS9PSL.jpg\" alt=\"\" data-id=\"27\" data-full-url=\"https:\/\/viajesdiseno.com\/wp-content\/themes\/inspiro\/assets\/images\/StockSnap_M6D1GS9PSL.jpg\" data-link=\"#\" class=\"wp-image-27\"\/><\/figure><\/li><li class=\"blocks-gallery-item\"><figure><img decoding=\"async\" src=\"https:\/\/viajesdiseno.com\/wp-content\/themes\/inspiro\/assets\/images\/StockSnap_JKMGVEJMPU.jpg\" alt=\"\" data-id=\"26\" data-full-url=\"https:\/\/viajesdiseno.com\/wp-content\/themes\/inspiro\/assets\/images\/StockSnap_JKMGVEJMPU.jpg\" data-link=\"#\" class=\"wp-image-26\"\/><\/figure><\/li><li class=\"blocks-gallery-item\"><figure><img decoding=\"async\" src=\"https:\/\/viajesdiseno.com\/wp-content\/themes\/inspiro\/assets\/images\/StockSnap_CXVCF2NNWJ.jpg\" alt=\"\" data-id=\"25\" data-full-url=\"https:\/\/viajesdiseno.com\/wp-content\/themes\/inspiro\/assets\/images\/StockSnap_CXVCF2NNWJ.jpg\" data-link=\"#\" class=\"wp-image-25\"\/><\/figure><\/li><li class=\"blocks-gallery-item\"><figure><img decoding=\"async\" src=\"https:\/\/viajesdiseno.com\/wp-content\/themes\/inspiro\/assets\/images\/StockSnap_89BQZ89TLH.jpg\" alt=\"\" data-id=\"24\" data-full-url=\"https:\/\/viajesdiseno.com\/wp-content\/themes\/inspiro\/assets\/images\/StockSnap_89BQZ89TLH.jpg\" data-link=\"#\" class=\"wp-image-24\"\/><\/figure><\/li><li class=\"blocks-gallery-item\"><figure><img decoding=\"async\" src=\"https:\/\/viajesdiseno.com\/wp-content\/themes\/inspiro\/assets\/images\/StockSnap_PGXCCTCLB5.jpg\" alt=\"\" data-id=\"29\" data-full-url=\"https:\/\/viajesdiseno.com\/wp-content\/themes\/inspiro\/assets\/images\/StockSnap_PGXCCTCLB5.jpg\" data-link=\"#\" class=\"wp-image-29\"\/><\/figure><\/li><\/ul><\/figure>\n<\/div><\/div>\n\n\n\n<div class=\"wp-block-cover alignfull has-background-dim-40 has-black-background-color has-background-dim has-parallax is-position-center-center\" style=\"background-image:url(https:\/\/viajesdiseno.com\/wp-content\/themes\/inspiro\/assets\/images\/StockSnap_89BQZ89TLH.jpg);min-height:375px;aspect-ratio:unset;\"><div class=\"wp-block-cover__inner-container is-layout-flow wp-block-cover-is-layout-flow\">\n<p class=\"has-text-align-center has-text-color has-huge-font-size\" style=\"color:#fffffa;line-height:1.1\"><strong>Viajes Dise\u00f1o Floridablanca<\/strong><\/p>\n\n\n\n<p class=\"has-text-align-center\">Viajes Dise\u00f1o Floridablanca es una empresa del sector tur\u00edstico implantada en la regi\u00f3n de Murcia. Actualmente desarrolla su actividad como agencia minorista, formando para tal fin una estructura comercial que desarrolla, gestiona y ofrece un producto turistico altamente competitivo.<\/p>\n\n\n\n<div style=\"height:39px\" aria-hidden=\"true\" class=\"wp-block-spacer\"><\/div>\n\n\n\n<div class=\"wp-block-buttons is-content-justification-center is-layout-flex wp-block-buttons-is-layout-flex\">\n<div class=\"wp-block-button is-style-outline is-style-outline--4\"><a class=\"wp-block-button__link has-white-color has-text-color no-border-radius\" href=\"#\">Contacto<\/a><\/div>\n<\/div>\n<\/div><\/div>\n\n\n\n<p><\/p>\n","protected":false},"excerpt":{"rendered":"<p>Viajes Dise\u00f1o Floridablanca desarrolla su actividad como agencia Minorista. Habi\u00e9ndose especializado de esta manera en el servicio a empresas, producto vacacional, congresos, convenciones, incentivos, billetaje a\u00e9reo , de ferrocarril y reservas hoteleras. Adem\u00e1s de esto Viajes Dise\u00f1o Floridablanca, cuenta con un departamento especializado en Viajes para GRUPOS o COLECTIVOS. Estamos cada vez m\u00e1s seguros, que &hellip; <\/p>\n<p class=\"link-more\"><a href=\"https:\/\/viajesdiseno.com\/\" class=\"more-link\">Leer m\u00e1s<span class=\"screen-reader-text\"> \u00abActividad o producto principal de la agencia\u00bb<\/span><\/a><\/p>\n","protected":false},"author":1,"featured_media":6,"parent":0,"menu_order":0,"comment_status":"closed","ping_status":"closed","template":"","meta":{"footnotes":""},"class_list":["post-7","page","type-page","status-publish","has-post-thumbnail","hentry"],"_links":{"self":[{"href":"https:\/\/viajesdiseno.com\/index.php?rest_route=\/wp\/v2\/pages\/7","targetHints":{"allow":["GET"]}}],"collection":[{"href":"https:\/\/viajesdiseno.com\/index.php?rest_route=\/wp\/v2\/pages"}],"about":[{"href":"https:\/\/viajesdiseno.com\/index.php?rest_route=\/wp\/v2\/types\/page"}],"author":[{"embeddable":true,"href":"https:\/\/viajesdiseno.com\/index.php?rest_route=\/wp\/v2\/users\/1"}],"replies":[{"embeddable":true,"href":"https:\/\/viajesdiseno.com\/index.php?rest_route=%2Fwp%2Fv2%2Fcomments&post=7"}],"version-history":[{"count":12,"href":"https:\/\/viajesdiseno.com\/index.php?rest_route=\/wp\/v2\/pages\/7\/revisions"}],"predecessor-version":[{"id":69,"href":"https:\/\/viajesdiseno.com\/index.php?rest_route=\/wp\/v2\/pages\/7\/revisions\/69"}],"wp:featuredmedia":[{"embeddable":true,"href":"https:\/\/viajesdiseno.com\/index.php?rest_route=\/wp\/v2\/media\/6"}],"wp:attachment":[{"href":"https:\/\/viajesdiseno.com\/index.php?rest_route=%2Fwp%2Fv2%2Fmedia&parent=7"}],"curies":[{"name":"wp","href":"https:\/\/api.w.org\/{rel}","templated":true}]}}